{"id":1652,"date":"2024-03-29T08:13:32","date_gmt":"2024-03-29T07:13:32","guid":{"rendered":"https:\/\/seva-mission.com\/?post_type=product&#038;p=1652"},"modified":"2024-03-29T08:14:24","modified_gmt":"2024-03-29T07:14:24","slug":"language-course-sprachkurs-spanish-spanisch","status":"publish","type":"product","link":"https:\/\/seva-mission.com\/fr\/produit\/language-course-sprachkurs-spanish-spanisch\/","title":{"rendered":"Language course \/Sprachkurs &#8211; Spanish\/Spanisch"},"content":{"rendered":"<p>Hours: 4 weeks<\/p>\n<p><em>Prerequisites:<\/em><\/p>\n<ul>\n<li>None<\/li>\n<\/ul>\n<p><em>Location:<\/em><\/p>\n<ul>\n<li>On-site<\/li>\n<\/ul>\n<p>Come explore Switzerland with us and learn a language. Of course, you cannot guarantee that you will be fluent in four weeks, but you will definitely be exposed to the language \ud83d\ude42<\/p>\n<p>In the morning, you will learn the language with the Montessori Method and in the afternoon, you will explore Switzerland.<\/p>\n<p>&nbsp;<\/p>\n<p>Stunden: 4 Wochen<\/p>\n<p>Voraussetzungen:<\/p>\n<p>Keine<\/p>\n<p>Ort:<\/p>\n<p>Vor Ort<\/p>\n<p>Entdecken Sie mit uns die Schweiz und lernen Sie eine Sprache. Nat\u00fcrlich k\u00f6nnen wir nicht garantieren, dass Sie die Sprache in vier Wochen flie\u00dfend beherrschen, aber Sie werden definitiv mit der Sprache in Ber\u00fchrung kommen \ud83d\ude42<\/p>\n<p>Am Morgen lernst du die Sprache mit der Montessori-Methode und am Nachmittag erkundest du die Schweiz.<\/p>","protected":false},"excerpt":{"rendered":"<p>Hours: 4 weeks Prerequisites: None Location: On-site Come explore Switzerland with us and learn a language. Of course, you cannot guarantee that you will be fluent in four weeks, but you will definitely be exposed to the language \ud83d\ude42 In the morning, you will learn the language with the Montessori Method and in the afternoon, [&hellip;]<\/p>\n","protected":false},"featured_media":1649,"comment_status":"open","ping_status":"closed","template":"","meta":{"_uag_custom_page_level_css":"","site-sidebar-layout":"default","site-content-layout":"","ast-site-content-layout":"default","site-content-style":"default","site-sidebar-style":"default","ast-global-header-display":"","ast-banner-title-visibility":"","ast-main-header-display":"","ast-hfb-above-header-display":"","ast-hfb-below-header-display":"","ast-hfb-mobile-header-display":"","site-post-title":"","ast-breadcrumbs-content":"","ast-featured-img":"","footer-sml-layout":"","ast-disable-related-posts":"","theme-transparent-header-meta":"default","adv-header-id-meta":"","stick-header-meta":"","header-above-stick-meta":"","header-main-stick-meta":"","header-below-stick-meta":"","astra-migrate-meta-layouts":"set","ast-page-background-enabled":"default","ast-page-background-meta":{"desktop":{"background-color":"","background-image":"","background-repeat":"repeat","background-position":"center center","background-size":"auto","background-attachment":"scroll","background-type":"","background-media":"","overlay-type":"","overlay-color":"","overlay-opacity":"","overlay-gradient":""},"tablet":{"background-color":"","background-image":"","background-repeat":"repeat","background-position":"center center","background-size":"auto","background-attachment":"scroll","background-type":"","background-media":"","overlay-type":"","overlay-color":"","overlay-opacity":"","overlay-gradient":""},"mobile":{"background-color":"","background-image":"","background-repeat":"repeat","background-position":"center center","background-size":"auto","background-attachment":"scroll","background-type":"","background-media":"","overlay-type":"","overlay-color":"","overlay-opacity":"","overlay-gradient":""}},"ast-content-background-meta":{"desktop":{"background-color":"var(--ast-global-color-5)","background-image":"","background-repeat":"repeat","background-position":"center center","background-size":"auto","background-attachment":"scroll","background-type":"","background-media":"","overlay-type":"","overlay-color":"","overlay-opacity":"","overlay-gradient":""},"tablet":{"background-color":"var(--ast-global-color-5)","background-image":"","background-repeat":"repeat","background-position":"center center","background-size":"auto","background-attachment":"scroll","background-type":"","background-media":"","overlay-type":"","overlay-color":"","overlay-opacity":"","overlay-gradient":""},"mobile":{"background-color":"var(--ast-global-color-5)","background-image":"","background-repeat":"repeat","background-position":"center center","background-size":"auto","background-attachment":"scroll","background-type":"","background-media":"","overlay-type":"","overlay-color":"","overlay-opacity":"","overlay-gradient":""}}},"product_brand":[],"product_cat":[37],"product_tag":[],"class_list":{"0":"post-1652","1":"product","2":"type-product","3":"status-publish","4":"has-post-thumbnail","6":"product_cat-language-course-sprachkurs","7":"desktop-align-left","8":"tablet-align-left","9":"mobile-align-left","11":"first","12":"instock","13":"sale","14":"purchasable","15":"product-type-simple"},"yoast_head":"<!-- This site is optimized with the Yoast SEO plugin v27.2 - https:\/\/yoast.com\/product\/yoast-seo-wordpress\/ -->\n<title>Language course \/Sprachkurs - Spanish\/Spanisch - seva-mission<\/title>\n<meta name=\"robots\" content=\"index, follow, max-snippet:-1, max-image-preview:large, max-video-preview:-1\" \/>\n<link rel=\"canonical\" href=\"https:\/\/seva-mission.com\/fr\/produit\/language-course-sprachkurs-spanish-spanisch\/\" \/>\n<meta property=\"og:locale\" content=\"fr_FR\" \/>\n<meta property=\"og:type\" content=\"article\" \/>\n<meta property=\"og:title\" content=\"Language course \/Sprachkurs - Spanish\/Spanisch - seva-mission\" \/>\n<meta property=\"og:description\" content=\"Hours: 4 weeks Prerequisites: None Location: On-site Come explore Switzerland with us and learn a language. Of course, you cannot guarantee that you will be fluent in four weeks, but you will definitely be exposed to the language \ud83d\ude42 In the morning, you will learn the language with the Montessori Method and in the afternoon, [&hellip;]\" \/>\n<meta property=\"og:url\" content=\"https:\/\/seva-mission.com\/fr\/produit\/language-course-sprachkurs-spanish-spanisch\/\" \/>\n<meta property=\"og:site_name\" content=\"seva-mission\" \/>\n<meta property=\"article:modified_time\" content=\"2024-03-29T07:14:24+00:00\" \/>\n<meta property=\"og:image\" content=\"https:\/\/seva-mission.com\/wp-content\/uploads\/2024\/03\/2-e1711694189388.png\" \/>\n\t<meta property=\"og:image:width\" content=\"999\" \/>\n\t<meta property=\"og:image:height\" content=\"1088\" \/>\n\t<meta property=\"og:image:type\" content=\"image\/png\" \/>\n<meta name=\"twitter:card\" content=\"summary_large_image\" \/>\n<meta name=\"twitter:label1\" content=\"Dur\u00e9e de lecture estim\u00e9e\" \/>\n\t<meta name=\"twitter:data1\" content=\"1 minute\" \/>\n<script type=\"application\/ld+json\" class=\"yoast-schema-graph\">{\"@context\":\"https:\/\/schema.org\",\"@graph\":[{\"@type\":\"WebPage\",\"@id\":\"https:\/\/seva-mission.com\/product\/language-course-sprachkurs-spanish-spanisch\/\",\"url\":\"https:\/\/seva-mission.com\/product\/language-course-sprachkurs-spanish-spanisch\/\",\"name\":\"Language course \/Sprachkurs - Spanish\/Spanisch - seva-mission\",\"isPartOf\":{\"@id\":\"https:\/\/seva-mission.com\/#website\"},\"primaryImageOfPage\":{\"@id\":\"https:\/\/seva-mission.com\/product\/language-course-sprachkurs-spanish-spanisch\/#primaryimage\"},\"image\":{\"@id\":\"https:\/\/seva-mission.com\/product\/language-course-sprachkurs-spanish-spanisch\/#primaryimage\"},\"thumbnailUrl\":\"https:\/\/seva-mission.com\/wp-content\/uploads\/2024\/03\/2-e1711694189388.png\",\"datePublished\":\"2024-03-29T07:13:32+00:00\",\"dateModified\":\"2024-03-29T07:14:24+00:00\",\"breadcrumb\":{\"@id\":\"https:\/\/seva-mission.com\/product\/language-course-sprachkurs-spanish-spanisch\/#breadcrumb\"},\"inLanguage\":\"fr-FR\",\"potentialAction\":[{\"@type\":\"ReadAction\",\"target\":[\"https:\/\/seva-mission.com\/product\/language-course-sprachkurs-spanish-spanisch\/\"]}]},{\"@type\":\"ImageObject\",\"inLanguage\":\"fr-FR\",\"@id\":\"https:\/\/seva-mission.com\/product\/language-course-sprachkurs-spanish-spanisch\/#primaryimage\",\"url\":\"https:\/\/seva-mission.com\/wp-content\/uploads\/2024\/03\/2-e1711694189388.png\",\"contentUrl\":\"https:\/\/seva-mission.com\/wp-content\/uploads\/2024\/03\/2-e1711694189388.png\",\"width\":999,\"height\":1088},{\"@type\":\"BreadcrumbList\",\"@id\":\"https:\/\/seva-mission.com\/product\/language-course-sprachkurs-spanish-spanisch\/#breadcrumb\",\"itemListElement\":[{\"@type\":\"ListItem\",\"position\":1,\"name\":\"Home\",\"item\":\"https:\/\/seva-mission.com\/\"},{\"@type\":\"ListItem\",\"position\":2,\"name\":\"Courses\",\"item\":\"https:\/\/seva-mission.com\/shop\/\"},{\"@type\":\"ListItem\",\"position\":3,\"name\":\"Language course \/Sprachkurs &#8211; Spanish\/Spanisch\"}]},{\"@type\":\"WebSite\",\"@id\":\"https:\/\/seva-mission.com\/#website\",\"url\":\"https:\/\/seva-mission.com\/\",\"name\":\"seva-mission\",\"description\":\"\",\"publisher\":{\"@id\":\"https:\/\/seva-mission.com\/#organization\"},\"potentialAction\":[{\"@type\":\"SearchAction\",\"target\":{\"@type\":\"EntryPoint\",\"urlTemplate\":\"https:\/\/seva-mission.com\/?s={search_term_string}\"},\"query-input\":{\"@type\":\"PropertyValueSpecification\",\"valueRequired\":true,\"valueName\":\"search_term_string\"}}],\"inLanguage\":\"fr-FR\"},{\"@type\":\"Organization\",\"@id\":\"https:\/\/seva-mission.com\/#organization\",\"name\":\"seva-mission\",\"url\":\"https:\/\/seva-mission.com\/\",\"logo\":{\"@type\":\"ImageObject\",\"inLanguage\":\"fr-FR\",\"@id\":\"https:\/\/seva-mission.com\/#\/schema\/logo\/image\/\",\"url\":\"https:\/\/seva-mission.com\/wp-content\/uploads\/2024\/03\/cropped-LOGO-RESIZED.png\",\"contentUrl\":\"https:\/\/seva-mission.com\/wp-content\/uploads\/2024\/03\/cropped-LOGO-RESIZED.png\",\"width\":233,\"height\":195,\"caption\":\"seva-mission\"},\"image\":{\"@id\":\"https:\/\/seva-mission.com\/#\/schema\/logo\/image\/\"}}]}<\/script>\n<!-- \/ Yoast SEO plugin. -->","yoast_head_json":{"title":"Language course \/Sprachkurs - Spanish\/Spanisch - seva-mission","robots":{"index":"index","follow":"follow","max-snippet":"max-snippet:-1","max-image-preview":"max-image-preview:large","max-video-preview":"max-video-preview:-1"},"canonical":"https:\/\/seva-mission.com\/fr\/produit\/language-course-sprachkurs-spanish-spanisch\/","og_locale":"fr_FR","og_type":"article","og_title":"Language course \/Sprachkurs - Spanish\/Spanisch - seva-mission","og_description":"Hours: 4 weeks Prerequisites: None Location: On-site Come explore Switzerland with us and learn a language. Of course, you cannot guarantee that you will be fluent in four weeks, but you will definitely be exposed to the language \ud83d\ude42 In the morning, you will learn the language with the Montessori Method and in the afternoon, [&hellip;]","og_url":"https:\/\/seva-mission.com\/fr\/produit\/language-course-sprachkurs-spanish-spanisch\/","og_site_name":"seva-mission","article_modified_time":"2024-03-29T07:14:24+00:00","og_image":[{"width":999,"height":1088,"url":"https:\/\/seva-mission.com\/wp-content\/uploads\/2024\/03\/2-e1711694189388.png","type":"image\/png"}],"twitter_card":"summary_large_image","twitter_misc":{"Dur\u00e9e de lecture estim\u00e9e":"1 minute"},"schema":{"@context":"https:\/\/schema.org","@graph":[{"@type":"WebPage","@id":"https:\/\/seva-mission.com\/product\/language-course-sprachkurs-spanish-spanisch\/","url":"https:\/\/seva-mission.com\/product\/language-course-sprachkurs-spanish-spanisch\/","name":"Language course \/Sprachkurs - Spanish\/Spanisch - seva-mission","isPartOf":{"@id":"https:\/\/seva-mission.com\/#website"},"primaryImageOfPage":{"@id":"https:\/\/seva-mission.com\/product\/language-course-sprachkurs-spanish-spanisch\/#primaryimage"},"image":{"@id":"https:\/\/seva-mission.com\/product\/language-course-sprachkurs-spanish-spanisch\/#primaryimage"},"thumbnailUrl":"https:\/\/seva-mission.com\/wp-content\/uploads\/2024\/03\/2-e1711694189388.png","datePublished":"2024-03-29T07:13:32+00:00","dateModified":"2024-03-29T07:14:24+00:00","breadcrumb":{"@id":"https:\/\/seva-mission.com\/product\/language-course-sprachkurs-spanish-spanisch\/#breadcrumb"},"inLanguage":"fr-FR","potentialAction":[{"@type":"ReadAction","target":["https:\/\/seva-mission.com\/product\/language-course-sprachkurs-spanish-spanisch\/"]}]},{"@type":"ImageObject","inLanguage":"fr-FR","@id":"https:\/\/seva-mission.com\/product\/language-course-sprachkurs-spanish-spanisch\/#primaryimage","url":"https:\/\/seva-mission.com\/wp-content\/uploads\/2024\/03\/2-e1711694189388.png","contentUrl":"https:\/\/seva-mission.com\/wp-content\/uploads\/2024\/03\/2-e1711694189388.png","width":999,"height":1088},{"@type":"BreadcrumbList","@id":"https:\/\/seva-mission.com\/product\/language-course-sprachkurs-spanish-spanisch\/#breadcrumb","itemListElement":[{"@type":"ListItem","position":1,"name":"Home","item":"https:\/\/seva-mission.com\/"},{"@type":"ListItem","position":2,"name":"Courses","item":"https:\/\/seva-mission.com\/shop\/"},{"@type":"ListItem","position":3,"name":"Language course \/Sprachkurs &#8211; Spanish\/Spanisch"}]},{"@type":"WebSite","@id":"https:\/\/seva-mission.com\/#website","url":"https:\/\/seva-mission.com\/","name":"seva-mission","description":"","publisher":{"@id":"https:\/\/seva-mission.com\/#organization"},"potentialAction":[{"@type":"SearchAction","target":{"@type":"EntryPoint","urlTemplate":"https:\/\/seva-mission.com\/?s={search_term_string}"},"query-input":{"@type":"PropertyValueSpecification","valueRequired":true,"valueName":"search_term_string"}}],"inLanguage":"fr-FR"},{"@type":"Organization","@id":"https:\/\/seva-mission.com\/#organization","name":"seva-mission","url":"https:\/\/seva-mission.com\/","logo":{"@type":"ImageObject","inLanguage":"fr-FR","@id":"https:\/\/seva-mission.com\/#\/schema\/logo\/image\/","url":"https:\/\/seva-mission.com\/wp-content\/uploads\/2024\/03\/cropped-LOGO-RESIZED.png","contentUrl":"https:\/\/seva-mission.com\/wp-content\/uploads\/2024\/03\/cropped-LOGO-RESIZED.png","width":233,"height":195,"caption":"seva-mission"},"image":{"@id":"https:\/\/seva-mission.com\/#\/schema\/logo\/image\/"}}]}},"uagb_featured_image_src":{"full":["https:\/\/seva-mission.com\/wp-content\/uploads\/2024\/03\/2-e1711694189388.png",999,1088,false],"thumbnail":["https:\/\/seva-mission.com\/wp-content\/uploads\/2024\/03\/2-e1711694189388-150x150.png",150,150,true],"medium":["https:\/\/seva-mission.com\/wp-content\/uploads\/2024\/03\/2-e1711694189388-275x300.png",275,300,true],"medium_large":["https:\/\/seva-mission.com\/wp-content\/uploads\/2024\/03\/2-e1711694189388-768x836.png",768,836,true],"large":["https:\/\/seva-mission.com\/wp-content\/uploads\/2024\/03\/2-e1711694189388-940x1024.png",940,1024,true],"1536x1536":["https:\/\/seva-mission.com\/wp-content\/uploads\/2024\/03\/2-1536x1101.png",1536,1101,true],"2048x2048":["https:\/\/seva-mission.com\/wp-content\/uploads\/2024\/03\/2-e1711694189388.png",999,1088,false],"trp-custom-language-flag":["https:\/\/seva-mission.com\/wp-content\/uploads\/2024\/03\/2-e1711694189388-11x12.png",11,12,true],"woocommerce_thumbnail":["https:\/\/seva-mission.com\/wp-content\/uploads\/2024\/03\/2-e1711694189388-300x300.png",300,300,true],"woocommerce_single":["https:\/\/seva-mission.com\/wp-content\/uploads\/2024\/03\/2-e1711694189388-600x653.png",600,653,true],"woocommerce_gallery_thumbnail":["https:\/\/seva-mission.com\/wp-content\/uploads\/2024\/03\/2-e1711694189388-100x100.png",100,100,true]},"uagb_author_info":{"display_name":"admin","author_link":"https:\/\/seva-mission.com\/fr\/author\/"},"uagb_comment_info":0,"uagb_excerpt":"Hours: 4 weeks Prerequisites: None Location: On-site Come explore Switzerland with us and learn a language. Of course, you cannot guarantee that you will be fluent in four weeks, but you will definitely be exposed to the language \ud83d\ude42 In the morning, you will learn the language with the Montessori Method and in the afternoon,\u2026","jetpack_sharing_enabled":true,"_links":{"self":[{"href":"https:\/\/seva-mission.com\/fr\/wp-json\/wp\/v2\/product\/1652","targetHints":{"allow":["GET"]}}],"collection":[{"href":"https:\/\/seva-mission.com\/fr\/wp-json\/wp\/v2\/product"}],"about":[{"href":"https:\/\/seva-mission.com\/fr\/wp-json\/wp\/v2\/types\/product"}],"replies":[{"embeddable":true,"href":"https:\/\/seva-mission.com\/fr\/wp-json\/wp\/v2\/comments?post=1652"}],"wp:featuredmedia":[{"embeddable":true,"href":"https:\/\/seva-mission.com\/fr\/wp-json\/wp\/v2\/media\/1649"}],"wp:attachment":[{"href":"https:\/\/seva-mission.com\/fr\/wp-json\/wp\/v2\/media?parent=1652"}],"wp:term":[{"taxonomy":"product_brand","embeddable":true,"href":"https:\/\/seva-mission.com\/fr\/wp-json\/wp\/v2\/product_brand?post=1652"},{"taxonomy":"product_cat","embeddable":true,"href":"https:\/\/seva-mission.com\/fr\/wp-json\/wp\/v2\/product_cat?post=1652"},{"taxonomy":"product_tag","embeddable":true,"href":"https:\/\/seva-mission.com\/fr\/wp-json\/wp\/v2\/product_tag?post=1652"}],"curies":[{"name":"wp","href":"https:\/\/api.w.org\/{rel}","templated":true}]}}