{"id":1184,"date":"2017-09-14T10:43:12","date_gmt":"2017-09-14T10:43:12","guid":{"rendered":"https:\/\/seva-mission.com\/about-us\/"},"modified":"2024-03-27T16:28:56","modified_gmt":"2024-03-27T15:28:56","slug":"about-us","status":"publish","type":"page","link":"https:\/\/seva-mission.com\/fr\/about-us\/","title":{"rendered":"Qui sommes-nous?"},"content":{"rendered":"<div data-elementor-type=\"wp-post\" data-elementor-id=\"1184\" class=\"elementor elementor-1184\">\n\t\t\t\t<div class=\"elementor-element elementor-element-a77760e e-flex e-con-boxed e-con e-parent\" data-id=\"a77760e\" data-element_type=\"container\" data-e-type=\"container\" data-settings=\"{&quot;background_background&quot;:&quot;classic&quot;}\">\n\t\t\t\t\t<div class=\"e-con-inner\">\n\t\t<div class=\"elementor-element elementor-element-c983c45 e-con-full e-flex e-con e-child\" data-id=\"c983c45\" data-element_type=\"container\" data-e-type=\"container\">\n\t\t\t\t<div class=\"elementor-element elementor-element-3033cab elementor-widget elementor-widget-heading\" data-id=\"3033cab\" data-element_type=\"widget\" data-e-type=\"widget\" data-widget_type=\"heading.default\">\n\t\t\t\t<div class=\"elementor-widget-container\">\n\t\t\t\t\t<h1 class=\"elementor-heading-title elementor-size-default\">Qui sommes-nous?<\/h1>\t\t\t\t<\/div>\n\t\t\t\t<\/div>\n\t\t\t\t<div class=\"elementor-element elementor-element-25b92db elementor-widget elementor-widget-text-editor\" data-id=\"25b92db\" data-element_type=\"widget\" data-e-type=\"widget\" data-widget_type=\"text-editor.default\">\n\t\t\t\t<div class=\"elementor-widget-container\">\n\t\t\t\t\t\t\t\t\t<p>Qui sont les fondateurs de la SEVA centre?<\/p>\t\t\t\t\t\t\t\t<\/div>\n\t\t\t\t<\/div>\n\t\t\t\t<\/div>\n\t\t\t\t\t<\/div>\n\t\t\t\t<\/div>\n\t\t<div class=\"elementor-element elementor-element-6929996 e-flex e-con-boxed e-con e-parent\" data-id=\"6929996\" data-element_type=\"container\" data-e-type=\"container\" data-settings=\"{&quot;background_background&quot;:&quot;classic&quot;}\">\n\t\t\t\t\t<div class=\"e-con-inner\">\n\t\t<div class=\"elementor-element elementor-element-64648da e-con-full e-flex e-con e-child\" data-id=\"64648da\" data-element_type=\"container\" data-e-type=\"container\">\n\t\t\t\t<div class=\"elementor-element elementor-element-a94bef4 elementor-widget elementor-widget-heading\" data-id=\"a94bef4\" data-element_type=\"widget\" data-e-type=\"widget\" data-widget_type=\"heading.default\">\n\t\t\t\t<div class=\"elementor-widget-container\">\n\t\t\t\t\t<h2 class=\"elementor-heading-title elementor-size-default\">\u00c0 propos de Nos Co-Lieu de travail<\/h2>\t\t\t\t<\/div>\n\t\t\t\t<\/div>\n\t\t\t\t<div class=\"elementor-element elementor-element-9e52f4a elementor-widget elementor-widget-text-editor\" data-id=\"9e52f4a\" data-element_type=\"widget\" data-e-type=\"widget\" data-widget_type=\"text-editor.default\">\n\t\t\t\t<div class=\"elementor-widget-container\">\n\t\t\t\t\t\t\t\t\t<p class=\"cvGsUA direction-ltr align-justify para-style-body\"><span class=\"OYPEnA text-decoration-none text-strikethrough-none\">SEVA a \u00e9t\u00e9 fond\u00e9e en 1998 par Roland et Evelyne Kinder. Il est situ\u00e9 dans la partie fran\u00e7aise de la Suisse. Evelyne a \u00e9t\u00e9 intoxiqu\u00e9s par le mercure quand elle travaillait \u00e0 l&#039;h\u00f4pital en tant qu&#039;infirmi\u00e8re. Elle avait plusieurs autres intoxications, qui l&#039;a conduit \u00e0 commencer \u00e0 faire quelques recherches sur le sujet. \u00c0 un moment donn\u00e9, Evelyne \u00e9tait incapable de marcher, et de sa main droite, ont eu de graves signes de troubles neurologiques de la d\u00e9gradation. Son mari et ses filles avaient pour vider ses poumons quand elle \u00e9tait incapable de le faire. En d\u00e9sespoir de cause, elle a cri\u00e9 au Seigneur: \u201cSeigneur, tout ce que j&#039;ai \u00e0 vous offrir est mon corps. Prendre du repos et de l&#039;utiliser. Peut toutes les larmes de mes filles et moi vous guider vers de nouvelles \u00e2mes. Si je vis, je vais consacrer ma vie \u00e0 l&#039;\u00e9ducation de mes enfants et de lutte contre la toxicit\u00e9!\u201d<\/span><\/p><p class=\"cvGsUA direction-ltr align-justify para-style-body\"><span class=\"OYPEnA text-decoration-none text-strikethrough-none\">Elle est devenue le premier \u00e0 \u00e9crire un protocole pour enlever les amalgames dentaires en fran\u00e7ais et l&#039;a pr\u00e9sent\u00e9 au Parlement Europ\u00e9en.<\/span><\/p><p class=\"cvGsUA direction-ltr align-justify para-style-body\"><span class=\"OYPEnA text-decoration-none text-strikethrough-none\">Par la pri\u00e8re et les exp\u00e9riences de la vie, Dieu l&#039;a aid\u00e9e \u00e0 d\u00e9couvrir des techniques innovantes pour aider toute personne de d\u00e9velopper leur potentiel au maximum.<\/span><\/p><p class=\"cvGsUA direction-ltr align-justify para-style-body\"><span class=\"OYPEnA text-decoration-none text-strikethrough-none\">Elle a pleinement r\u00e9cup\u00e9r\u00e9 et a d\u00e9cid\u00e9 de partager ses d\u00e9couvertes avec les autres.<\/span><\/p><p>\u00a0<\/p>\t\t\t\t\t\t\t\t<\/div>\n\t\t\t\t<\/div>\n\t\t\t\t<div class=\"elementor-element elementor-element-00d4026 elementor-mobile-align-left elementor-widget elementor-widget-button\" data-id=\"00d4026\" data-element_type=\"widget\" data-e-type=\"widget\" data-widget_type=\"button.default\">\n\t\t\t\t<div class=\"elementor-widget-container\">\n\t\t\t\t\t\t\t\t\t<div class=\"elementor-button-wrapper\">\n\t\t\t\t\t<a class=\"elementor-button elementor-button-link elementor-size-sm\" href=\"#\">\n\t\t\t\t\t\t<span class=\"elementor-button-content-wrapper\">\n\t\t\t\t\t\t<span class=\"elementor-button-icon\">\n\t\t\t\t<svg aria-hidden=\"true\" class=\"e-font-icon-svg e-fas-long-arrow-alt-right\" viewbox=\"0 0 448 512\" xmlns=\"http:\/\/www.w3.org\/2000\/svg\"><path d=\"M313.941 216H12c-6.627 0-12 5.373-12 12v56c0 6.627 5.373 12 12 12h301.941v46.059c0 21.382 25.851 32.09 40.971 16.971l86.059-86.059c9.373-9.373 9.373-24.569 0-33.941l-86.059-86.059c-15.119-15.119-40.971-4.411-40.971 16.971V216z\"><\/path><\/svg>\t\t\t<\/span>\n\t\t\t\t\t\t\t\t\t<span class=\"elementor-button-text\">Obtenir Votre Place<\/span>\n\t\t\t\t\t<\/span>\n\t\t\t\t\t<\/a>\n\t\t\t\t<\/div>\n\t\t\t\t\t\t\t\t<\/div>\n\t\t\t\t<\/div>\n\t\t\t\t<\/div>\n\t\t<div class=\"elementor-element elementor-element-5c0a501 e-con-full e-flex e-con e-child\" data-id=\"5c0a501\" data-element_type=\"container\" data-e-type=\"container\" data-settings=\"{&quot;background_background&quot;:&quot;classic&quot;}\">\n\t\t\t\t<div class=\"elementor-element elementor-element-2a7c0c4 elementor-widget elementor-widget-image\" data-id=\"2a7c0c4\" data-element_type=\"widget\" data-e-type=\"widget\" data-widget_type=\"image.default\">\n\t\t\t\t<div class=\"elementor-widget-container\">\n\t\t\t\t\t\t\t\t\t\t\t\t\t\t\t<img fetchpriority=\"high\" decoding=\"async\" width=\"477\" height=\"788\" src=\"https:\/\/seva-mission.com\/wp-content\/uploads\/2024\/03\/image001-1.png\" class=\"attachment-full size-full wp-image-1571\" alt=\"\" srcset=\"https:\/\/seva-mission.com\/wp-content\/uploads\/2024\/03\/image001-1.png 477w, https:\/\/seva-mission.com\/wp-content\/uploads\/2024\/03\/image001-1-182x300.png 182w\" sizes=\"(max-width: 477px) 100vw, 477px\" \/>\t\t\t\t\t\t\t\t\t\t\t\t\t\t\t<\/div>\n\t\t\t\t<\/div>\n\t\t\t\t<\/div>\n\t\t\t\t\t<\/div>\n\t\t\t\t<\/div>\n\t\t<div class=\"elementor-element elementor-element-c05b6aa e-flex e-con-boxed e-con e-parent\" data-id=\"c05b6aa\" data-element_type=\"container\" data-e-type=\"container\" data-settings=\"{&quot;background_background&quot;:&quot;gradient&quot;}\">\n\t\t\t\t\t<div class=\"e-con-inner\">\n\t\t<div class=\"elementor-element elementor-element-43f8782 e-con-full e-flex e-con e-child\" data-id=\"43f8782\" data-element_type=\"container\" data-e-type=\"container\" data-settings=\"{&quot;background_background&quot;:&quot;classic&quot;}\">\n\t\t\t\t<div class=\"elementor-element elementor-element-322cc96 elementor-widget elementor-widget-image\" data-id=\"322cc96\" data-element_type=\"widget\" data-e-type=\"widget\" data-widget_type=\"image.default\">\n\t\t\t\t<div class=\"elementor-widget-container\">\n\t\t\t\t\t\t\t\t\t\t\t\t\t\t\t<img decoding=\"async\" width=\"768\" height=\"1024\" src=\"https:\/\/seva-mission.com\/wp-content\/uploads\/2024\/03\/signal-2024-01-14-165105_005-768x1024.jpeg\" class=\"attachment-large size-large wp-image-1490\" alt=\"\" srcset=\"https:\/\/seva-mission.com\/wp-content\/uploads\/2024\/03\/signal-2024-01-14-165105_005-768x1024.jpeg 768w, https:\/\/seva-mission.com\/wp-content\/uploads\/2024\/03\/signal-2024-01-14-165105_005-225x300.jpeg 225w, https:\/\/seva-mission.com\/wp-content\/uploads\/2024\/03\/signal-2024-01-14-165105_005-1152x1536.jpeg 1152w, https:\/\/seva-mission.com\/wp-content\/uploads\/2024\/03\/signal-2024-01-14-165105_005-600x800.jpeg 600w, https:\/\/seva-mission.com\/wp-content\/uploads\/2024\/03\/signal-2024-01-14-165105_005.jpeg 1536w\" sizes=\"(max-width: 768px) 100vw, 768px\" \/>\t\t\t\t\t\t\t\t\t\t\t\t\t\t\t<\/div>\n\t\t\t\t<\/div>\n\t\t\t\t<\/div>\n\t\t<div class=\"elementor-element elementor-element-6697822 e-con-full e-flex e-con e-child\" data-id=\"6697822\" data-element_type=\"container\" data-e-type=\"container\" data-settings=\"{&quot;background_background&quot;:&quot;classic&quot;}\">\n\t\t\t\t<div class=\"elementor-element elementor-element-13aa028 elementor-widget elementor-widget-heading\" data-id=\"13aa028\" data-element_type=\"widget\" data-e-type=\"widget\" data-widget_type=\"heading.default\">\n\t\t\t\t<div class=\"elementor-widget-container\">\n\t\t\t\t\t<h3 class=\"elementor-heading-title elementor-size-default\">O\u00f9 est la SEVA Centre situ\u00e9?<\/h3>\t\t\t\t<\/div>\n\t\t\t\t<\/div>\n\t\t\t\t<div class=\"elementor-element elementor-element-10471cc elementor-widget elementor-widget-text-editor\" data-id=\"10471cc\" data-element_type=\"widget\" data-e-type=\"widget\" data-widget_type=\"text-editor.default\">\n\t\t\t\t<div class=\"elementor-widget-container\">\n\t\t\t\t\t\t\t\t\t<p>Le SEVA centre est situ\u00e9 dans la belle Suisse collines entre Gen\u00e8ve et Lausanne. Vous pourrez profiter de la magnifique vue sur les alpes et le Mont Blanc, et de nombreuses randonn\u00e9es et activit\u00e9s.\u00a0<\/p>\t\t\t\t\t\t\t\t<\/div>\n\t\t\t\t<\/div>\n\t\t\t\t<div class=\"elementor-element elementor-element-66b014c elementor-widget elementor-widget-button\" data-id=\"66b014c\" data-element_type=\"widget\" data-e-type=\"widget\" data-widget_type=\"button.default\">\n\t\t\t\t<div class=\"elementor-widget-container\">\n\t\t\t\t\t\t\t\t\t<div class=\"elementor-button-wrapper\">\n\t\t\t\t\t<a class=\"elementor-button elementor-button-link elementor-size-sm\" href=\"https:\/\/seva-mission.com\/fr\/shop\/\">\n\t\t\t\t\t\t<span class=\"elementor-button-content-wrapper\">\n\t\t\t\t\t\t<span class=\"elementor-button-icon\">\n\t\t\t\t<svg aria-hidden=\"true\" class=\"e-font-icon-svg e-fas-long-arrow-alt-right\" viewbox=\"0 0 448 512\" xmlns=\"http:\/\/www.w3.org\/2000\/svg\"><path d=\"M313.941 216H12c-6.627 0-12 5.373-12 12v56c0 6.627 5.373 12 12 12h301.941v46.059c0 21.382 25.851 32.09 40.971 16.971l86.059-86.059c9.373-9.373 9.373-24.569 0-33.941l-86.059-86.059c-15.119-15.119-40.971-4.411-40.971 16.971V216z\"><\/path><\/svg>\t\t\t<\/span>\n\t\t\t\t\t\t\t\t\t<span class=\"elementor-button-text\">Inscrivez-vous aujourd&#039;hui<\/span>\n\t\t\t\t\t<\/span>\n\t\t\t\t\t<\/a>\n\t\t\t\t<\/div>\n\t\t\t\t\t\t\t\t<\/div>\n\t\t\t\t<\/div>\n\t\t\t\t<\/div>\n\t\t\t\t\t<\/div>\n\t\t\t\t<\/div>\n\t\t\t\t<\/div>","protected":false},"excerpt":{"rendered":"<p>About Us Who are the founders of the SEVA center? About Our Co-working Place SEVA was founded in 1998 by Roland and Evelyne Kinder. It is located in the French part of Switzerland. Evelyne was intoxicated with mercury when she was working at the hospital as a nurse. She had multiple other intoxications, which led [&hellip;]<\/p>\n","protected":false},"author":1,"featured_media":0,"parent":0,"menu_order":0,"comment_status":"closed","ping_status":"closed","template":"","meta":{"_uag_custom_page_level_css":"","site-sidebar-layout":"no-sidebar","site-content-layout":"page-builder","ast-site-content-layout":"default","site-content-style":"default","site-sidebar-style":"default","ast-global-header-display":"","ast-banner-title-visibility":"","ast-main-header-display":"","ast-hfb-above-header-display":"","ast-hfb-below-header-display":"","ast-hfb-mobile-header-display":"","site-post-title":"disabled","ast-breadcrumbs-content":"","ast-featured-img":"disabled","footer-sml-layout":"","ast-disable-related-posts":"","theme-transparent-header-meta":"enabled","adv-header-id-meta":"","stick-header-meta":"","header-above-stick-meta":"","header-main-stick-meta":"","header-below-stick-meta":"","astra-migrate-meta-layouts":"default","ast-page-background-enabled":"default","ast-page-background-meta":{"desktop":{"background-color":"","background-image":"","background-repeat":"repeat","background-position":"center center","background-size":"auto","background-attachment":"scroll","background-type":"","background-media":"","overlay-type":"","overlay-color":"","overlay-opacity":"","overlay-gradient":""},"tablet":{"background-color":"","background-image":"","background-repeat":"repeat","background-position":"center center","background-size":"auto","background-attachment":"scroll","background-type":"","background-media":"","overlay-type":"","overlay-color":"","overlay-opacity":"","overlay-gradient":""},"mobile":{"background-color":"","background-image":"","background-repeat":"repeat","background-position":"center center","background-size":"auto","background-attachment":"scroll","background-type":"","background-media":"","overlay-type":"","overlay-color":"","overlay-opacity":"","overlay-gradient":""}},"ast-content-background-meta":{"desktop":{"background-color":"var(--ast-global-color-5)","background-image":"","background-repeat":"repeat","background-position":"center center","background-size":"auto","background-attachment":"scroll","background-type":"","background-media":"","overlay-type":"","overlay-color":"","overlay-opacity":"","overlay-gradient":""},"tablet":{"background-color":"var(--ast-global-color-5)","background-image":"","background-repeat":"repeat","background-position":"center center","background-size":"auto","background-attachment":"scroll","background-type":"","background-media":"","overlay-type":"","overlay-color":"","overlay-opacity":"","overlay-gradient":""},"mobile":{"background-color":"var(--ast-global-color-5)","background-image":"","background-repeat":"repeat","background-position":"center center","background-size":"auto","background-attachment":"scroll","background-type":"","background-media":"","overlay-type":"","overlay-color":"","overlay-opacity":"","overlay-gradient":""}},"footnotes":""},"class_list":["post-1184","page","type-page","status-publish","hentry"],"yoast_head":"<!-- This site is optimized with the Yoast SEO plugin v27.2 - https:\/\/yoast.com\/product\/yoast-seo-wordpress\/ -->\n<title>About Us - seva-mission<\/title>\n<meta name=\"robots\" content=\"index, follow, max-snippet:-1, max-image-preview:large, max-video-preview:-1\" \/>\n<link rel=\"canonical\" href=\"https:\/\/seva-mission.com\/fr\/about-us\/\" \/>\n<meta property=\"og:locale\" content=\"fr_FR\" \/>\n<meta property=\"og:type\" content=\"article\" \/>\n<meta property=\"og:title\" content=\"About Us - seva-mission\" \/>\n<meta property=\"og:description\" content=\"About Us Who are the founders of the SEVA center? About Our Co-working Place SEVA was founded in 1998 by Roland and Evelyne Kinder. It is located in the French part of Switzerland. Evelyne was intoxicated with mercury when she was working at the hospital as a nurse. She had multiple other intoxications, which led [&hellip;]\" \/>\n<meta property=\"og:url\" content=\"https:\/\/seva-mission.com\/fr\/about-us\/\" \/>\n<meta property=\"og:site_name\" content=\"seva-mission\" \/>\n<meta property=\"article:modified_time\" content=\"2024-03-27T15:28:56+00:00\" \/>\n<meta property=\"og:image\" content=\"https:\/\/seva-mission.com\/wp-content\/uploads\/2024\/03\/image001-1.png\" \/>\n<meta name=\"twitter:card\" content=\"summary_large_image\" \/>\n<meta name=\"twitter:label1\" content=\"Dur\u00e9e de lecture estim\u00e9e\" \/>\n\t<meta name=\"twitter:data1\" content=\"2 minutes\" \/>\n<script type=\"application\/ld+json\" class=\"yoast-schema-graph\">{\"@context\":\"https:\/\/schema.org\",\"@graph\":[{\"@type\":\"WebPage\",\"@id\":\"https:\/\/seva-mission.com\/about-us\/\",\"url\":\"https:\/\/seva-mission.com\/about-us\/\",\"name\":\"About Us - seva-mission\",\"isPartOf\":{\"@id\":\"https:\/\/seva-mission.com\/#website\"},\"primaryImageOfPage\":{\"@id\":\"https:\/\/seva-mission.com\/about-us\/#primaryimage\"},\"image\":{\"@id\":\"https:\/\/seva-mission.com\/about-us\/#primaryimage\"},\"thumbnailUrl\":\"https:\/\/seva-mission.com\/wp-content\/uploads\/2024\/03\/image001-1.png\",\"datePublished\":\"2017-09-14T10:43:12+00:00\",\"dateModified\":\"2024-03-27T15:28:56+00:00\",\"breadcrumb\":{\"@id\":\"https:\/\/seva-mission.com\/about-us\/#breadcrumb\"},\"inLanguage\":\"fr-FR\",\"potentialAction\":[{\"@type\":\"ReadAction\",\"target\":[\"https:\/\/seva-mission.com\/about-us\/\"]}]},{\"@type\":\"ImageObject\",\"inLanguage\":\"fr-FR\",\"@id\":\"https:\/\/seva-mission.com\/about-us\/#primaryimage\",\"url\":\"https:\/\/seva-mission.com\/wp-content\/uploads\/2024\/03\/image001-1.png\",\"contentUrl\":\"https:\/\/seva-mission.com\/wp-content\/uploads\/2024\/03\/image001-1.png\"},{\"@type\":\"BreadcrumbList\",\"@id\":\"https:\/\/seva-mission.com\/about-us\/#breadcrumb\",\"itemListElement\":[{\"@type\":\"ListItem\",\"position\":1,\"name\":\"Home\",\"item\":\"https:\/\/seva-mission.com\/\"},{\"@type\":\"ListItem\",\"position\":2,\"name\":\"About Us\"}]},{\"@type\":\"WebSite\",\"@id\":\"https:\/\/seva-mission.com\/#website\",\"url\":\"https:\/\/seva-mission.com\/\",\"name\":\"seva-mission\",\"description\":\"\",\"publisher\":{\"@id\":\"https:\/\/seva-mission.com\/#organization\"},\"potentialAction\":[{\"@type\":\"SearchAction\",\"target\":{\"@type\":\"EntryPoint\",\"urlTemplate\":\"https:\/\/seva-mission.com\/?s={search_term_string}\"},\"query-input\":{\"@type\":\"PropertyValueSpecification\",\"valueRequired\":true,\"valueName\":\"search_term_string\"}}],\"inLanguage\":\"fr-FR\"},{\"@type\":\"Organization\",\"@id\":\"https:\/\/seva-mission.com\/#organization\",\"name\":\"seva-mission\",\"url\":\"https:\/\/seva-mission.com\/\",\"logo\":{\"@type\":\"ImageObject\",\"inLanguage\":\"fr-FR\",\"@id\":\"https:\/\/seva-mission.com\/#\/schema\/logo\/image\/\",\"url\":\"https:\/\/seva-mission.com\/wp-content\/uploads\/2024\/03\/cropped-LOGO-RESIZED.png\",\"contentUrl\":\"https:\/\/seva-mission.com\/wp-content\/uploads\/2024\/03\/cropped-LOGO-RESIZED.png\",\"width\":233,\"height\":195,\"caption\":\"seva-mission\"},\"image\":{\"@id\":\"https:\/\/seva-mission.com\/#\/schema\/logo\/image\/\"}}]}<\/script>\n<!-- \/ Yoast SEO plugin. -->","yoast_head_json":{"title":"About Us - seva-mission","robots":{"index":"index","follow":"follow","max-snippet":"max-snippet:-1","max-image-preview":"max-image-preview:large","max-video-preview":"max-video-preview:-1"},"canonical":"https:\/\/seva-mission.com\/fr\/about-us\/","og_locale":"fr_FR","og_type":"article","og_title":"About Us - seva-mission","og_description":"About Us Who are the founders of the SEVA center? About Our Co-working Place SEVA was founded in 1998 by Roland and Evelyne Kinder. It is located in the French part of Switzerland. Evelyne was intoxicated with mercury when she was working at the hospital as a nurse. She had multiple other intoxications, which led [&hellip;]","og_url":"https:\/\/seva-mission.com\/fr\/about-us\/","og_site_name":"seva-mission","article_modified_time":"2024-03-27T15:28:56+00:00","og_image":[{"url":"https:\/\/seva-mission.com\/wp-content\/uploads\/2024\/03\/image001-1.png","type":"","width":"","height":""}],"twitter_card":"summary_large_image","twitter_misc":{"Dur\u00e9e de lecture estim\u00e9e":"2 minutes"},"schema":{"@context":"https:\/\/schema.org","@graph":[{"@type":"WebPage","@id":"https:\/\/seva-mission.com\/about-us\/","url":"https:\/\/seva-mission.com\/about-us\/","name":"About Us - seva-mission","isPartOf":{"@id":"https:\/\/seva-mission.com\/#website"},"primaryImageOfPage":{"@id":"https:\/\/seva-mission.com\/about-us\/#primaryimage"},"image":{"@id":"https:\/\/seva-mission.com\/about-us\/#primaryimage"},"thumbnailUrl":"https:\/\/seva-mission.com\/wp-content\/uploads\/2024\/03\/image001-1.png","datePublished":"2017-09-14T10:43:12+00:00","dateModified":"2024-03-27T15:28:56+00:00","breadcrumb":{"@id":"https:\/\/seva-mission.com\/about-us\/#breadcrumb"},"inLanguage":"fr-FR","potentialAction":[{"@type":"ReadAction","target":["https:\/\/seva-mission.com\/about-us\/"]}]},{"@type":"ImageObject","inLanguage":"fr-FR","@id":"https:\/\/seva-mission.com\/about-us\/#primaryimage","url":"https:\/\/seva-mission.com\/wp-content\/uploads\/2024\/03\/image001-1.png","contentUrl":"https:\/\/seva-mission.com\/wp-content\/uploads\/2024\/03\/image001-1.png"},{"@type":"BreadcrumbList","@id":"https:\/\/seva-mission.com\/about-us\/#breadcrumb","itemListElement":[{"@type":"ListItem","position":1,"name":"Home","item":"https:\/\/seva-mission.com\/"},{"@type":"ListItem","position":2,"name":"About Us"}]},{"@type":"WebSite","@id":"https:\/\/seva-mission.com\/#website","url":"https:\/\/seva-mission.com\/","name":"seva-mission","description":"","publisher":{"@id":"https:\/\/seva-mission.com\/#organization"},"potentialAction":[{"@type":"SearchAction","target":{"@type":"EntryPoint","urlTemplate":"https:\/\/seva-mission.com\/?s={search_term_string}"},"query-input":{"@type":"PropertyValueSpecification","valueRequired":true,"valueName":"search_term_string"}}],"inLanguage":"fr-FR"},{"@type":"Organization","@id":"https:\/\/seva-mission.com\/#organization","name":"seva-mission","url":"https:\/\/seva-mission.com\/","logo":{"@type":"ImageObject","inLanguage":"fr-FR","@id":"https:\/\/seva-mission.com\/#\/schema\/logo\/image\/","url":"https:\/\/seva-mission.com\/wp-content\/uploads\/2024\/03\/cropped-LOGO-RESIZED.png","contentUrl":"https:\/\/seva-mission.com\/wp-content\/uploads\/2024\/03\/cropped-LOGO-RESIZED.png","width":233,"height":195,"caption":"seva-mission"},"image":{"@id":"https:\/\/seva-mission.com\/#\/schema\/logo\/image\/"}}]}},"uagb_featured_image_src":{"full":false,"thumbnail":false,"medium":false,"medium_large":false,"large":false,"1536x1536":false,"2048x2048":false,"trp-custom-language-flag":false,"woocommerce_thumbnail":false,"woocommerce_single":false,"woocommerce_gallery_thumbnail":false},"uagb_author_info":{"display_name":"admin","author_link":"https:\/\/seva-mission.com\/fr\/author\/rolandkinder_93wvir8t\/"},"uagb_comment_info":0,"uagb_excerpt":"About Us Who are the founders of the SEVA center? About Our Co-working Place SEVA was founded in 1998 by Roland and Evelyne Kinder. It is located in the French part of Switzerland. Evelyne was intoxicated with mercury when she was working at the hospital as a nurse. She had multiple other intoxications, which led\u2026","jetpack_sharing_enabled":true,"_links":{"self":[{"href":"https:\/\/seva-mission.com\/fr\/wp-json\/wp\/v2\/pages\/1184","targetHints":{"allow":["GET"]}}],"collection":[{"href":"https:\/\/seva-mission.com\/fr\/wp-json\/wp\/v2\/pages"}],"about":[{"href":"https:\/\/seva-mission.com\/fr\/wp-json\/wp\/v2\/types\/page"}],"author":[{"embeddable":true,"href":"https:\/\/seva-mission.com\/fr\/wp-json\/wp\/v2\/users\/1"}],"replies":[{"embeddable":true,"href":"https:\/\/seva-mission.com\/fr\/wp-json\/wp\/v2\/comments?post=1184"}],"version-history":[{"count":12,"href":"https:\/\/seva-mission.com\/fr\/wp-json\/wp\/v2\/pages\/1184\/revisions"}],"predecessor-version":[{"id":1578,"href":"https:\/\/seva-mission.com\/fr\/wp-json\/wp\/v2\/pages\/1184\/revisions\/1578"}],"wp:attachment":[{"href":"https:\/\/seva-mission.com\/fr\/wp-json\/wp\/v2\/media?parent=1184"}],"curies":[{"name":"wp","href":"https:\/\/api.w.org\/{rel}","templated":true}]}}